{"id":731,"date":"2017-04-10T22:22:53","date_gmt":"2017-04-10T22:22:53","guid":{"rendered":"http:\/\/restaurantelaviejaescuela.es\/?page_id=731"},"modified":"2017-04-10T22:31:07","modified_gmt":"2017-04-10T22:31:07","slug":"historia","status":"publish","type":"page","link":"https:\/\/www.restaurantelaviejaescuela.es\/?page_id=731","title":{"rendered":"Historia"},"content":{"rendered":"<div class=\"pixcode  pixcode--grid  grid\" >\n\t\t\t<div class=\"grid__item six-twelfths palm-one-whole\" >\n\t\t\n<h3 class=\"flush--top\">Nuestra historia<\/h3>\n<p>El Restaurante La Vieja Escuela abri\u00f3 sus puertas en el a\u00f1o 2000. Su nombre viene de la antigua escuela de Don M\u00e1ximo, que fue uno de los maestros de la escuela \u201cs\u00f3lo para ni\u00f1os\u201d que ya funcionaba en 1.927 en Agulo.<br \/>\nFragmento de una entrevista a principios del siglo xx a Don Leoncio Bento Casanova, fundador de la escuela:<br \/>\n\u00abOtra de las necesidades que no admite demora, si se quiere mirar por el desarrollo social en la civilizaci\u00f3n, es crear casas escuelas en todos los pueblos y pagos importantes, pues en este orden de ense\u00f1anza, La Gomera, est\u00e1 completamente abandonada\u00bb.<\/p>\n\t<\/div>\n\n\t<div class=\"grid__item five-twelfths palm-one-whole\" >\n\t\t\n<img decoding=\"async\" class=\"alignnone size-full wp-image-630\" src=\"http:\/\/restaurantelaviejaescuela.es\/wp-content\/uploads\/2017\/04\/old-school.jpg\" alt=\"\" height=\"405\" \/><\/a><\/p>\n\t<\/div>\n\n\t<\/div>","protected":false},"excerpt":{"rendered":"","protected":false},"author":1,"featured_media":562,"parent":0,"menu_order":0,"comment_status":"closed","ping_status":"closed","template":"","meta":{"footnotes":""},"class_list":["post-731","page","type-page","status-publish","has-post-thumbnail","hentry"],"_links":{"self":[{"href":"https:\/\/www.restaurantelaviejaescuela.es\/index.php?rest_route=\/wp\/v2\/pages\/731","targetHints":{"allow":["GET"]}}],"collection":[{"href":"https:\/\/www.restaurantelaviejaescuela.es\/index.php?rest_route=\/wp\/v2\/pages"}],"about":[{"href":"https:\/\/www.restaurantelaviejaescuela.es\/index.php?rest_route=\/wp\/v2\/types\/page"}],"author":[{"embeddable":true,"href":"https:\/\/www.restaurantelaviejaescuela.es\/index.php?rest_route=\/wp\/v2\/users\/1"}],"replies":[{"embeddable":true,"href":"https:\/\/www.restaurantelaviejaescuela.es\/index.php?rest_route=%2Fwp%2Fv2%2Fcomments&post=731"}],"version-history":[{"count":3,"href":"https:\/\/www.restaurantelaviejaescuela.es\/index.php?rest_route=\/wp\/v2\/pages\/731\/revisions"}],"predecessor-version":[{"id":736,"href":"https:\/\/www.restaurantelaviejaescuela.es\/index.php?rest_route=\/wp\/v2\/pages\/731\/revisions\/736"}],"wp:featuredmedia":[{"embeddable":true,"href":"https:\/\/www.restaurantelaviejaescuela.es\/index.php?rest_route=\/wp\/v2\/media\/562"}],"wp:attachment":[{"href":"https:\/\/www.restaurantelaviejaescuela.es\/index.php?rest_route=%2Fwp%2Fv2%2Fmedia&parent=731"}],"curies":[{"name":"wp","href":"https:\/\/api.w.org\/{rel}","templated":true}]}}